{"id":301,"date":"2024-02-20T22:28:43","date_gmt":"2024-02-20T22:28:43","guid":{"rendered":"https:\/\/www.roccaenergymondosolare.it\/?post_type=product&#038;p=301"},"modified":"2024-03-06T09:45:42","modified_gmt":"2024-03-06T09:45:42","slug":"kit-fornitura-6-0-kw-accumulo-4-8kw","status":"publish","type":"product","link":"https:\/\/www.roccaenergymondosolare.it\/index.php\/prodotto\/kit-fornitura-6-0-kw-accumulo-4-8kw\/","title":{"rendered":"Kit fornitura 6.0 kw accumulo 4.8kw"},"content":{"rendered":"","protected":false},"excerpt":{"rendered":"<div class=\"moz-text-plain\" lang=\"x-unicode\">\n<pre class=\"moz-quote-pre\">Fornitura Impianto fotovoltaico ad isola con accumulo SENZA PRATICA ENEL autoproduzione indipendente. Con il kit fotovoltaico KIT 6 kwp \u00e8 possibile realizzare un impianto ad isola da circa 6 kWp completo di inverter ibrido \"All in One\" ondapura da ben 7200W con controllo remoto bluetooth e wifi, con accumulo utile di 9,6 kWh Pylontech us 5000 grazie a  2 batterie litio ferro fosfato da 4.8  kWh.Grazie alla potenza dell'inverter e alla longevit\u00e0 dell'accumulo al LiFePo04, il kit KIT6KWLIT \u00e8 perfetto per alimentare un'intera abitazione per molto tempo.\r\nCon il kit ad isola \u00e8 possibile utilizzare detrazione fiscale IRPEF 50%  recuperare il 50% della spesa sostenuta in 10 anni sulle proprie tasse , Possibile effettuare finanziamento con comode rate. Impianto \u00e8 modulare  si possono aumentare altre batterie per avere maggiore accumulo, altrettanto con u pannelli  si possono aumentare fino a 7,2 kw , tuttavia acquistando un' altro inverter si pu\u00f2 aumentare impianto fino a 14 kwp Con i kit ad isola non occorre fare pratica Enel e Gse, poich\u00e8 non immettono corrente in rete essedo autoproduzione ups. Funzionamento Impianto ad isola : produce la corrente, alimenta l' abitazione, la corrente in esubero carica le batterie, di sera all'imbrunire quando impianto non produce pi\u00f9 passa automaticamente prelevando la corrente accumulata nelle batterie, qualora le batterie si scaricassero inverter \u00e8 dotato di uno swich all'interno blocca le\r\nbatterie e preleva la corrente direttamente dal contatore enel, e\/o in assenza di utenza Enel pu\u00f2 essere collegato ad un gruppo elettrogeno. Inverter ha una particolarit\u00e0 se ci fosse un black out va via la corrente  impianto ad isola continua a funzionare di giorno e di notte essendo ibrido ups. Si fornisce schema di montaggio e assistenza telefonica durante installazione e configurazione inverte e batterie.\r\n\r\nIl kit \u00e8 composto da:\r\n\u2022 Numero 14 pannelli 440 w Longi\r\n\u2022 Inverter ibrido Voltronic Power ad isola un uscita 7200W 48V con 2\r\nregolatori di\r\ncarica MPPT da 500V\r\n-  Numero 2 \u00d7 Batterie Litio 4.8 kWh Pylontech us 5000 accumulo totale 9.6 kwh\r\n- Cavi specifico per collegamento inverter batterie e cavo lan\r\n- Quadro CC 2 stringhe\r\n- Quadro CA\r\n- Cavo solare 6 mm  50+50 da 6 mm\r\n<\/pre>\n<\/div>\n","protected":false},"featured_media":791,"comment_status":"open","ping_status":"closed","template":"","meta":[],"product_brand":[],"product_cat":[19],"product_tag":[],"class_list":{"0":"post-301","1":"product","2":"type-product","3":"status-publish","4":"has-post-thumbnail","6":"product_cat-fotovoltaico-senza-pratica-enel","8":"first","9":"instock","10":"shipping-taxable","11":"purchasable","12":"product-type-simple"},"yoast_head":"<!-- This site is optimized with the Yoast SEO plugin v27.5 - https:\/\/yoast.com\/product\/yoast-seo-wordpress\/ -->\n<title>Kit fornitura 6.0 kw accumulo 4.8kw - roccaenergymondosolare<\/title>\n<meta name=\"robots\" content=\"index, follow, max-snippet:-1, max-image-preview:large, max-video-preview:-1\" \/>\n<link rel=\"canonical\" href=\"https:\/\/www.roccaenergymondosolare.it\/index.php\/prodotto\/kit-fornitura-6-0-kw-accumulo-4-8kw\/\" \/>\n<meta property=\"og:locale\" content=\"it_IT\" \/>\n<meta property=\"og:type\" content=\"article\" \/>\n<meta property=\"og:title\" content=\"Kit fornitura 6.0 kw accumulo 4.8kw - roccaenergymondosolare\" \/>\n<meta property=\"og:description\" content=\"Fornitura Impianto fotovoltaico ad isola con accumulo SENZA PRATICA ENEL autoproduzione indipendente. Con il kit fotovoltaico KIT 6 kwp \u00e8 possibile realizzare un impianto ad isola da circa 6 kWp completo di inverter ibrido &quot;All in One&quot; ondapura da ben 7200W con controllo remoto bluetooth e wifi, con accumulo utile di 9,6 kWh Pylontech us 5000 grazie a 2 batterie litio ferro fosfato da 4.8 kWh.Grazie alla potenza dell&#039;inverter e alla longevit\u00e0 dell&#039;accumulo al LiFePo04, il kit KIT6KWLIT \u00e8 perfetto per alimentare un&#039;intera abitazione per molto tempo. Con il kit ad isola \u00e8 possibile utilizzare detrazione fiscale IRPEF 50% recuperare il 50% della spesa sostenuta in 10 anni sulle proprie tasse , Possibile effettuare finanziamento con comode rate. Impianto \u00e8 modulare si possono aumentare altre batterie per avere maggiore accumulo, altrettanto con u pannelli si possono aumentare fino a 7,2 kw , tuttavia acquistando un&#039; altro inverter si pu\u00f2 aumentare impianto fino a 14 kwp Con i kit ad isola non occorre fare pratica Enel e Gse, poich\u00e8 non immettono corrente in rete essedo autoproduzione ups. Funzionamento Impianto ad isola : produce la corrente, alimenta l&#039; abitazione, la corrente in esubero carica le batterie, di sera all&#039;imbrunire quando impianto non produce pi\u00f9 passa automaticamente prelevando la corrente accumulata nelle batterie, qualora le batterie si scaricassero inverter \u00e8 dotato di uno swich all&#039;interno blocca le batterie e preleva la corrente direttamente dal contatore enel, e\/o in assenza di utenza Enel pu\u00f2 essere collegato ad un gruppo elettrogeno. Inverter ha una particolarit\u00e0 se ci fosse un black out va via la corrente impianto ad isola continua a funzionare di giorno e di notte essendo ibrido ups. Si fornisce schema di montaggio e assistenza telefonica durante installazione e configurazione inverte e batterie.  Il kit \u00e8 composto da: \u2022 Numero 14 pannelli 440 w Longi \u2022 Inverter ibrido Voltronic Power ad isola un uscita 7200W 48V con 2 regolatori di carica MPPT da 500V - Numero 2 \u00d7 Batterie Litio 4.8 kWh Pylontech us 5000 accumulo totale 9.6 kwh - Cavi specifico per collegamento inverter batterie e cavo lan - Quadro CC 2 stringhe - Quadro CA - Cavo solare 6 mm 50+50 da 6 mm\" \/>\n<meta property=\"og:url\" content=\"https:\/\/www.roccaenergymondosolare.it\/index.php\/prodotto\/kit-fornitura-6-0-kw-accumulo-4-8kw\/\" \/>\n<meta property=\"og:site_name\" content=\"roccaenergymondosolare\" \/>\n<meta property=\"article:modified_time\" content=\"2024-03-06T09:45:42+00:00\" \/>\n<meta property=\"og:image\" content=\"https:\/\/www.roccaenergymondosolare.it\/wp-content\/uploads\/2024\/02\/2419bb26-98a7-4e2f-9d0d-3243ccbf1237.jpeg\" \/>\n\t<meta property=\"og:image:width\" content=\"1131\" \/>\n\t<meta property=\"og:image:height\" content=\"1600\" \/>\n\t<meta property=\"og:image:type\" content=\"image\/jpeg\" \/>\n<meta name=\"twitter:card\" content=\"summary_large_image\" \/>\n<meta name=\"twitter:label1\" content=\"Tempo di lettura stimato\" \/>\n\t<meta name=\"twitter:data1\" content=\"1 minuto\" \/>\n<script type=\"application\/ld+json\" class=\"yoast-schema-graph\">{\"@context\":\"https:\\\/\\\/schema.org\",\"@graph\":[{\"@type\":\"WebPage\",\"@id\":\"https:\\\/\\\/www.roccaenergymondosolare.it\\\/index.php\\\/prodotto\\\/kit-fornitura-6-0-kw-accumulo-4-8kw\\\/\",\"url\":\"https:\\\/\\\/www.roccaenergymondosolare.it\\\/index.php\\\/prodotto\\\/kit-fornitura-6-0-kw-accumulo-4-8kw\\\/\",\"name\":\"Kit fornitura 6.0 kw accumulo 4.8kw - roccaenergymondosolare\",\"isPartOf\":{\"@id\":\"https:\\\/\\\/www.roccaenergymondosolare.it\\\/#website\"},\"primaryImageOfPage\":{\"@id\":\"https:\\\/\\\/www.roccaenergymondosolare.it\\\/index.php\\\/prodotto\\\/kit-fornitura-6-0-kw-accumulo-4-8kw\\\/#primaryimage\"},\"image\":{\"@id\":\"https:\\\/\\\/www.roccaenergymondosolare.it\\\/index.php\\\/prodotto\\\/kit-fornitura-6-0-kw-accumulo-4-8kw\\\/#primaryimage\"},\"thumbnailUrl\":\"https:\\\/\\\/www.roccaenergymondosolare.it\\\/wp-content\\\/uploads\\\/2024\\\/02\\\/2419bb26-98a7-4e2f-9d0d-3243ccbf1237.jpeg\",\"datePublished\":\"2024-02-20T22:28:43+00:00\",\"dateModified\":\"2024-03-06T09:45:42+00:00\",\"breadcrumb\":{\"@id\":\"https:\\\/\\\/www.roccaenergymondosolare.it\\\/index.php\\\/prodotto\\\/kit-fornitura-6-0-kw-accumulo-4-8kw\\\/#breadcrumb\"},\"inLanguage\":\"it-IT\",\"potentialAction\":[{\"@type\":\"ReadAction\",\"target\":[\"https:\\\/\\\/www.roccaenergymondosolare.it\\\/index.php\\\/prodotto\\\/kit-fornitura-6-0-kw-accumulo-4-8kw\\\/\"]}]},{\"@type\":\"ImageObject\",\"inLanguage\":\"it-IT\",\"@id\":\"https:\\\/\\\/www.roccaenergymondosolare.it\\\/index.php\\\/prodotto\\\/kit-fornitura-6-0-kw-accumulo-4-8kw\\\/#primaryimage\",\"url\":\"https:\\\/\\\/www.roccaenergymondosolare.it\\\/wp-content\\\/uploads\\\/2024\\\/02\\\/2419bb26-98a7-4e2f-9d0d-3243ccbf1237.jpeg\",\"contentUrl\":\"https:\\\/\\\/www.roccaenergymondosolare.it\\\/wp-content\\\/uploads\\\/2024\\\/02\\\/2419bb26-98a7-4e2f-9d0d-3243ccbf1237.jpeg\",\"width\":1131,\"height\":1600},{\"@type\":\"BreadcrumbList\",\"@id\":\"https:\\\/\\\/www.roccaenergymondosolare.it\\\/index.php\\\/prodotto\\\/kit-fornitura-6-0-kw-accumulo-4-8kw\\\/#breadcrumb\",\"itemListElement\":[{\"@type\":\"ListItem\",\"position\":1,\"name\":\"Home\",\"item\":\"https:\\\/\\\/www.roccaenergymondosolare.it\\\/\"},{\"@type\":\"ListItem\",\"position\":2,\"name\":\"Shop\",\"item\":\"https:\\\/\\\/www.roccaenergymondosolare.it\\\/index.php\\\/negozio\\\/\"},{\"@type\":\"ListItem\",\"position\":3,\"name\":\"Kit fornitura 6.0 kw accumulo 4.8kw\"}]},{\"@type\":\"WebSite\",\"@id\":\"https:\\\/\\\/www.roccaenergymondosolare.it\\\/#website\",\"url\":\"https:\\\/\\\/www.roccaenergymondosolare.it\\\/\",\"name\":\"roccaenergymondosolare\",\"description\":\"\",\"potentialAction\":[{\"@type\":\"SearchAction\",\"target\":{\"@type\":\"EntryPoint\",\"urlTemplate\":\"https:\\\/\\\/www.roccaenergymondosolare.it\\\/?s={search_term_string}\"},\"query-input\":{\"@type\":\"PropertyValueSpecification\",\"valueRequired\":true,\"valueName\":\"search_term_string\"}}],\"inLanguage\":\"it-IT\"}]}<\/script>\n<!-- \/ Yoast SEO plugin. -->","yoast_head_json":{"title":"Kit fornitura 6.0 kw accumulo 4.8kw - roccaenergymondosolare","robots":{"index":"index","follow":"follow","max-snippet":"max-snippet:-1","max-image-preview":"max-image-preview:large","max-video-preview":"max-video-preview:-1"},"canonical":"https:\/\/www.roccaenergymondosolare.it\/index.php\/prodotto\/kit-fornitura-6-0-kw-accumulo-4-8kw\/","og_locale":"it_IT","og_type":"article","og_title":"Kit fornitura 6.0 kw accumulo 4.8kw - roccaenergymondosolare","og_description":"Fornitura Impianto fotovoltaico ad isola con accumulo SENZA PRATICA ENEL autoproduzione indipendente. Con il kit fotovoltaico KIT 6 kwp \u00e8 possibile realizzare un impianto ad isola da circa 6 kWp completo di inverter ibrido \"All in One\" ondapura da ben 7200W con controllo remoto bluetooth e wifi, con accumulo utile di 9,6 kWh Pylontech us 5000 grazie a 2 batterie litio ferro fosfato da 4.8 kWh.Grazie alla potenza dell'inverter e alla longevit\u00e0 dell'accumulo al LiFePo04, il kit KIT6KWLIT \u00e8 perfetto per alimentare un'intera abitazione per molto tempo. Con il kit ad isola \u00e8 possibile utilizzare detrazione fiscale IRPEF 50% recuperare il 50% della spesa sostenuta in 10 anni sulle proprie tasse , Possibile effettuare finanziamento con comode rate. Impianto \u00e8 modulare si possono aumentare altre batterie per avere maggiore accumulo, altrettanto con u pannelli si possono aumentare fino a 7,2 kw , tuttavia acquistando un' altro inverter si pu\u00f2 aumentare impianto fino a 14 kwp Con i kit ad isola non occorre fare pratica Enel e Gse, poich\u00e8 non immettono corrente in rete essedo autoproduzione ups. Funzionamento Impianto ad isola : produce la corrente, alimenta l' abitazione, la corrente in esubero carica le batterie, di sera all'imbrunire quando impianto non produce pi\u00f9 passa automaticamente prelevando la corrente accumulata nelle batterie, qualora le batterie si scaricassero inverter \u00e8 dotato di uno swich all'interno blocca le batterie e preleva la corrente direttamente dal contatore enel, e\/o in assenza di utenza Enel pu\u00f2 essere collegato ad un gruppo elettrogeno. Inverter ha una particolarit\u00e0 se ci fosse un black out va via la corrente impianto ad isola continua a funzionare di giorno e di notte essendo ibrido ups. Si fornisce schema di montaggio e assistenza telefonica durante installazione e configurazione inverte e batterie.  Il kit \u00e8 composto da: \u2022 Numero 14 pannelli 440 w Longi \u2022 Inverter ibrido Voltronic Power ad isola un uscita 7200W 48V con 2 regolatori di carica MPPT da 500V - Numero 2 \u00d7 Batterie Litio 4.8 kWh Pylontech us 5000 accumulo totale 9.6 kwh - Cavi specifico per collegamento inverter batterie e cavo lan - Quadro CC 2 stringhe - Quadro CA - Cavo solare 6 mm 50+50 da 6 mm","og_url":"https:\/\/www.roccaenergymondosolare.it\/index.php\/prodotto\/kit-fornitura-6-0-kw-accumulo-4-8kw\/","og_site_name":"roccaenergymondosolare","article_modified_time":"2024-03-06T09:45:42+00:00","og_image":[{"width":1131,"height":1600,"url":"https:\/\/www.roccaenergymondosolare.it\/wp-content\/uploads\/2024\/02\/2419bb26-98a7-4e2f-9d0d-3243ccbf1237.jpeg","type":"image\/jpeg"}],"twitter_card":"summary_large_image","twitter_misc":{"Tempo di lettura stimato":"1 minuto"},"schema":{"@context":"https:\/\/schema.org","@graph":[{"@type":"WebPage","@id":"https:\/\/www.roccaenergymondosolare.it\/index.php\/prodotto\/kit-fornitura-6-0-kw-accumulo-4-8kw\/","url":"https:\/\/www.roccaenergymondosolare.it\/index.php\/prodotto\/kit-fornitura-6-0-kw-accumulo-4-8kw\/","name":"Kit fornitura 6.0 kw accumulo 4.8kw - roccaenergymondosolare","isPartOf":{"@id":"https:\/\/www.roccaenergymondosolare.it\/#website"},"primaryImageOfPage":{"@id":"https:\/\/www.roccaenergymondosolare.it\/index.php\/prodotto\/kit-fornitura-6-0-kw-accumulo-4-8kw\/#primaryimage"},"image":{"@id":"https:\/\/www.roccaenergymondosolare.it\/index.php\/prodotto\/kit-fornitura-6-0-kw-accumulo-4-8kw\/#primaryimage"},"thumbnailUrl":"https:\/\/www.roccaenergymondosolare.it\/wp-content\/uploads\/2024\/02\/2419bb26-98a7-4e2f-9d0d-3243ccbf1237.jpeg","datePublished":"2024-02-20T22:28:43+00:00","dateModified":"2024-03-06T09:45:42+00:00","breadcrumb":{"@id":"https:\/\/www.roccaenergymondosolare.it\/index.php\/prodotto\/kit-fornitura-6-0-kw-accumulo-4-8kw\/#breadcrumb"},"inLanguage":"it-IT","potentialAction":[{"@type":"ReadAction","target":["https:\/\/www.roccaenergymondosolare.it\/index.php\/prodotto\/kit-fornitura-6-0-kw-accumulo-4-8kw\/"]}]},{"@type":"ImageObject","inLanguage":"it-IT","@id":"https:\/\/www.roccaenergymondosolare.it\/index.php\/prodotto\/kit-fornitura-6-0-kw-accumulo-4-8kw\/#primaryimage","url":"https:\/\/www.roccaenergymondosolare.it\/wp-content\/uploads\/2024\/02\/2419bb26-98a7-4e2f-9d0d-3243ccbf1237.jpeg","contentUrl":"https:\/\/www.roccaenergymondosolare.it\/wp-content\/uploads\/2024\/02\/2419bb26-98a7-4e2f-9d0d-3243ccbf1237.jpeg","width":1131,"height":1600},{"@type":"BreadcrumbList","@id":"https:\/\/www.roccaenergymondosolare.it\/index.php\/prodotto\/kit-fornitura-6-0-kw-accumulo-4-8kw\/#breadcrumb","itemListElement":[{"@type":"ListItem","position":1,"name":"Home","item":"https:\/\/www.roccaenergymondosolare.it\/"},{"@type":"ListItem","position":2,"name":"Shop","item":"https:\/\/www.roccaenergymondosolare.it\/index.php\/negozio\/"},{"@type":"ListItem","position":3,"name":"Kit fornitura 6.0 kw accumulo 4.8kw"}]},{"@type":"WebSite","@id":"https:\/\/www.roccaenergymondosolare.it\/#website","url":"https:\/\/www.roccaenergymondosolare.it\/","name":"roccaenergymondosolare","description":"","potentialAction":[{"@type":"SearchAction","target":{"@type":"EntryPoint","urlTemplate":"https:\/\/www.roccaenergymondosolare.it\/?s={search_term_string}"},"query-input":{"@type":"PropertyValueSpecification","valueRequired":true,"valueName":"search_term_string"}}],"inLanguage":"it-IT"}]}},"_links":{"self":[{"href":"https:\/\/www.roccaenergymondosolare.it\/index.php\/wp-json\/wp\/v2\/product\/301","targetHints":{"allow":["GET"]}}],"collection":[{"href":"https:\/\/www.roccaenergymondosolare.it\/index.php\/wp-json\/wp\/v2\/product"}],"about":[{"href":"https:\/\/www.roccaenergymondosolare.it\/index.php\/wp-json\/wp\/v2\/types\/product"}],"replies":[{"embeddable":true,"href":"https:\/\/www.roccaenergymondosolare.it\/index.php\/wp-json\/wp\/v2\/comments?post=301"}],"wp:featuredmedia":[{"embeddable":true,"href":"https:\/\/www.roccaenergymondosolare.it\/index.php\/wp-json\/wp\/v2\/media\/791"}],"wp:attachment":[{"href":"https:\/\/www.roccaenergymondosolare.it\/index.php\/wp-json\/wp\/v2\/media?parent=301"}],"wp:term":[{"taxonomy":"product_brand","embeddable":true,"href":"https:\/\/www.roccaenergymondosolare.it\/index.php\/wp-json\/wp\/v2\/product_brand?post=301"},{"taxonomy":"product_cat","embeddable":true,"href":"https:\/\/www.roccaenergymondosolare.it\/index.php\/wp-json\/wp\/v2\/product_cat?post=301"},{"taxonomy":"product_tag","embeddable":true,"href":"https:\/\/www.roccaenergymondosolare.it\/index.php\/wp-json\/wp\/v2\/product_tag?post=301"}],"curies":[{"name":"wp","href":"https:\/\/api.w.org\/{rel}","templated":true}]}}