{"id":383,"date":"2024-02-21T13:34:44","date_gmt":"2024-02-21T13:34:44","guid":{"rendered":"https:\/\/www.roccaenergymondosolare.it\/?post_type=product&#038;p=383"},"modified":"2024-03-06T09:41:24","modified_gmt":"2024-03-06T09:41:24","slug":"kit-chiavi-in-mano-allacciato-in-rete-6-160-accumulo-litio-9-6-kwh","status":"publish","type":"product","link":"https:\/\/www.roccaenergymondosolare.it\/index.php\/prodotto\/kit-chiavi-in-mano-allacciato-in-rete-6-160-accumulo-litio-9-6-kwh\/","title":{"rendered":"kit chiavi in mano allacciato in rete 6.160 accumulo litio 9.6 kwh"},"content":{"rendered":"","protected":false},"excerpt":{"rendered":"<pre class=\"moz-quote-pre\">Impianto fotovoltaico ALLACCIATO IN RETE KIT 6.160 kwp accumulo 11.6 kwh  sistema FOX garanzia Italia 10 anni inverter 10 anni batterie , pannelli 12 anni prodotto 25 anni la resa.\r\nGrazie alla potenza dell'inverter e alla longevit\u00e0 dell'accumulo al LiFePo04, il KIT  FOX 6.160 kwp con accumulo 11.6 kwh  \u00e8 perfetto per alimentare un'intera abitazione per molto tempo.\r\nCon il kit fotovoltaico \u00e8 possibile utilizzare detrazione fiscale IRPEF 50%  recuperare il 50% della spesa sostenuta in 10 anni sulle proprie tasse ,Possibile avere finanziamento pagare con comode rate.\r\n\r\nIl kit \u00e8 composto da:\r\n\u2022 Numero 14 pannelli 440 w Longi\r\n\u2022 Inverter ibrido FOX 6 kw\r\n- Numero 3 batterie   Litio 2.9  kWh\r\n- Numero 1 Bms da 2.9 kwh che finge da batteria acculo totale 11.6 kwh\r\n- Cavi specifico per collegamento inverter batterie e cavo lan\r\n- Quadro CC 2 stringhe\r\n- Quadro CA\r\n- Cavo solare 6 mm  50+50 da 6 mm\r\n- Struttura fissaggio pannelli\r\ncosto compreso iva 10% e  montaggio\r\nEscluso progetto elettrico Enel e pratica GSE costo 300 euro<\/pre>\n","protected":false},"featured_media":784,"comment_status":"open","ping_status":"closed","template":"","meta":[],"product_brand":[],"product_cat":[20],"product_tag":[],"class_list":{"0":"post-383","1":"product","2":"type-product","3":"status-publish","4":"has-post-thumbnail","6":"product_cat-fotovoltaico-chiavi-in-mano","8":"first","9":"instock","10":"shipping-taxable","11":"purchasable","12":"product-type-simple"},"yoast_head":"<!-- This site is optimized with the Yoast SEO plugin v27.5 - https:\/\/yoast.com\/product\/yoast-seo-wordpress\/ -->\n<title>kit chiavi in mano allacciato in rete 6.160 accumulo litio 9.6 kwh - roccaenergymondosolare<\/title>\n<meta name=\"robots\" content=\"index, follow, max-snippet:-1, max-image-preview:large, max-video-preview:-1\" \/>\n<link rel=\"canonical\" href=\"https:\/\/www.roccaenergymondosolare.it\/index.php\/prodotto\/kit-chiavi-in-mano-allacciato-in-rete-6-160-accumulo-litio-9-6-kwh\/\" \/>\n<meta property=\"og:locale\" content=\"it_IT\" \/>\n<meta property=\"og:type\" content=\"article\" \/>\n<meta property=\"og:title\" content=\"kit chiavi in mano allacciato in rete 6.160 accumulo litio 9.6 kwh - roccaenergymondosolare\" \/>\n<meta property=\"og:description\" content=\"Impianto fotovoltaico ALLACCIATO IN RETE KIT 6.160 kwp accumulo 11.6 kwh sistema FOX garanzia Italia 10 anni inverter 10 anni batterie , pannelli 12 anni prodotto 25 anni la resa. Grazie alla potenza dell&#039;inverter e alla longevit\u00e0 dell&#039;accumulo al LiFePo04, il KIT FOX 6.160 kwp con accumulo 11.6 kwh \u00e8 perfetto per alimentare un&#039;intera abitazione per molto tempo. Con il kit fotovoltaico \u00e8 possibile utilizzare detrazione fiscale IRPEF 50% recuperare il 50% della spesa sostenuta in 10 anni sulle proprie tasse ,Possibile avere finanziamento pagare con comode rate.  Il kit \u00e8 composto da: \u2022 Numero 14 pannelli 440 w Longi \u2022 Inverter ibrido FOX 6 kw - Numero 3 batterie  Litio 2.9 kWh - Numero 1 Bms da 2.9 kwh che finge da batteria acculo totale 11.6 kwh - Cavi specifico per collegamento inverter batterie e cavo lan - Quadro CC 2 stringhe - Quadro CA - Cavo solare 6 mm 50+50 da 6 mm - Struttura fissaggio pannelli costo compreso iva 10% e montaggio Escluso progetto elettrico Enel e pratica GSE costo 300 euro\" \/>\n<meta property=\"og:url\" content=\"https:\/\/www.roccaenergymondosolare.it\/index.php\/prodotto\/kit-chiavi-in-mano-allacciato-in-rete-6-160-accumulo-litio-9-6-kwh\/\" \/>\n<meta property=\"og:site_name\" content=\"roccaenergymondosolare\" \/>\n<meta property=\"article:modified_time\" content=\"2024-03-06T09:41:24+00:00\" \/>\n<meta property=\"og:image\" content=\"https:\/\/www.roccaenergymondosolare.it\/wp-content\/uploads\/2024\/02\/b6803efe-4da3-4205-9ef2-e6cb03a9b53e.jpeg\" \/>\n\t<meta property=\"og:image:width\" content=\"1131\" \/>\n\t<meta property=\"og:image:height\" content=\"1600\" \/>\n\t<meta property=\"og:image:type\" content=\"image\/jpeg\" \/>\n<meta name=\"twitter:card\" content=\"summary_large_image\" \/>\n<meta name=\"twitter:label1\" content=\"Tempo di lettura stimato\" \/>\n\t<meta name=\"twitter:data1\" content=\"1 minuto\" \/>\n<script type=\"application\/ld+json\" class=\"yoast-schema-graph\">{\"@context\":\"https:\\\/\\\/schema.org\",\"@graph\":[{\"@type\":\"WebPage\",\"@id\":\"https:\\\/\\\/www.roccaenergymondosolare.it\\\/index.php\\\/prodotto\\\/kit-chiavi-in-mano-allacciato-in-rete-6-160-accumulo-litio-9-6-kwh\\\/\",\"url\":\"https:\\\/\\\/www.roccaenergymondosolare.it\\\/index.php\\\/prodotto\\\/kit-chiavi-in-mano-allacciato-in-rete-6-160-accumulo-litio-9-6-kwh\\\/\",\"name\":\"kit chiavi in mano allacciato in rete 6.160 accumulo litio 9.6 kwh - roccaenergymondosolare\",\"isPartOf\":{\"@id\":\"https:\\\/\\\/www.roccaenergymondosolare.it\\\/#website\"},\"primaryImageOfPage\":{\"@id\":\"https:\\\/\\\/www.roccaenergymondosolare.it\\\/index.php\\\/prodotto\\\/kit-chiavi-in-mano-allacciato-in-rete-6-160-accumulo-litio-9-6-kwh\\\/#primaryimage\"},\"image\":{\"@id\":\"https:\\\/\\\/www.roccaenergymondosolare.it\\\/index.php\\\/prodotto\\\/kit-chiavi-in-mano-allacciato-in-rete-6-160-accumulo-litio-9-6-kwh\\\/#primaryimage\"},\"thumbnailUrl\":\"https:\\\/\\\/www.roccaenergymondosolare.it\\\/wp-content\\\/uploads\\\/2024\\\/02\\\/b6803efe-4da3-4205-9ef2-e6cb03a9b53e.jpeg\",\"datePublished\":\"2024-02-21T13:34:44+00:00\",\"dateModified\":\"2024-03-06T09:41:24+00:00\",\"breadcrumb\":{\"@id\":\"https:\\\/\\\/www.roccaenergymondosolare.it\\\/index.php\\\/prodotto\\\/kit-chiavi-in-mano-allacciato-in-rete-6-160-accumulo-litio-9-6-kwh\\\/#breadcrumb\"},\"inLanguage\":\"it-IT\",\"potentialAction\":[{\"@type\":\"ReadAction\",\"target\":[\"https:\\\/\\\/www.roccaenergymondosolare.it\\\/index.php\\\/prodotto\\\/kit-chiavi-in-mano-allacciato-in-rete-6-160-accumulo-litio-9-6-kwh\\\/\"]}]},{\"@type\":\"ImageObject\",\"inLanguage\":\"it-IT\",\"@id\":\"https:\\\/\\\/www.roccaenergymondosolare.it\\\/index.php\\\/prodotto\\\/kit-chiavi-in-mano-allacciato-in-rete-6-160-accumulo-litio-9-6-kwh\\\/#primaryimage\",\"url\":\"https:\\\/\\\/www.roccaenergymondosolare.it\\\/wp-content\\\/uploads\\\/2024\\\/02\\\/b6803efe-4da3-4205-9ef2-e6cb03a9b53e.jpeg\",\"contentUrl\":\"https:\\\/\\\/www.roccaenergymondosolare.it\\\/wp-content\\\/uploads\\\/2024\\\/02\\\/b6803efe-4da3-4205-9ef2-e6cb03a9b53e.jpeg\",\"width\":1131,\"height\":1600},{\"@type\":\"BreadcrumbList\",\"@id\":\"https:\\\/\\\/www.roccaenergymondosolare.it\\\/index.php\\\/prodotto\\\/kit-chiavi-in-mano-allacciato-in-rete-6-160-accumulo-litio-9-6-kwh\\\/#breadcrumb\",\"itemListElement\":[{\"@type\":\"ListItem\",\"position\":1,\"name\":\"Home\",\"item\":\"https:\\\/\\\/www.roccaenergymondosolare.it\\\/\"},{\"@type\":\"ListItem\",\"position\":2,\"name\":\"Shop\",\"item\":\"https:\\\/\\\/www.roccaenergymondosolare.it\\\/index.php\\\/negozio\\\/\"},{\"@type\":\"ListItem\",\"position\":3,\"name\":\"kit chiavi in mano allacciato in rete 6.160 accumulo litio 9.6 kwh\"}]},{\"@type\":\"WebSite\",\"@id\":\"https:\\\/\\\/www.roccaenergymondosolare.it\\\/#website\",\"url\":\"https:\\\/\\\/www.roccaenergymondosolare.it\\\/\",\"name\":\"roccaenergymondosolare\",\"description\":\"\",\"potentialAction\":[{\"@type\":\"SearchAction\",\"target\":{\"@type\":\"EntryPoint\",\"urlTemplate\":\"https:\\\/\\\/www.roccaenergymondosolare.it\\\/?s={search_term_string}\"},\"query-input\":{\"@type\":\"PropertyValueSpecification\",\"valueRequired\":true,\"valueName\":\"search_term_string\"}}],\"inLanguage\":\"it-IT\"}]}<\/script>\n<!-- \/ Yoast SEO plugin. -->","yoast_head_json":{"title":"kit chiavi in mano allacciato in rete 6.160 accumulo litio 9.6 kwh - roccaenergymondosolare","robots":{"index":"index","follow":"follow","max-snippet":"max-snippet:-1","max-image-preview":"max-image-preview:large","max-video-preview":"max-video-preview:-1"},"canonical":"https:\/\/www.roccaenergymondosolare.it\/index.php\/prodotto\/kit-chiavi-in-mano-allacciato-in-rete-6-160-accumulo-litio-9-6-kwh\/","og_locale":"it_IT","og_type":"article","og_title":"kit chiavi in mano allacciato in rete 6.160 accumulo litio 9.6 kwh - roccaenergymondosolare","og_description":"Impianto fotovoltaico ALLACCIATO IN RETE KIT 6.160 kwp accumulo 11.6 kwh sistema FOX garanzia Italia 10 anni inverter 10 anni batterie , pannelli 12 anni prodotto 25 anni la resa. Grazie alla potenza dell'inverter e alla longevit\u00e0 dell'accumulo al LiFePo04, il KIT FOX 6.160 kwp con accumulo 11.6 kwh \u00e8 perfetto per alimentare un'intera abitazione per molto tempo. Con il kit fotovoltaico \u00e8 possibile utilizzare detrazione fiscale IRPEF 50% recuperare il 50% della spesa sostenuta in 10 anni sulle proprie tasse ,Possibile avere finanziamento pagare con comode rate.  Il kit \u00e8 composto da: \u2022 Numero 14 pannelli 440 w Longi \u2022 Inverter ibrido FOX 6 kw - Numero 3 batterie  Litio 2.9 kWh - Numero 1 Bms da 2.9 kwh che finge da batteria acculo totale 11.6 kwh - Cavi specifico per collegamento inverter batterie e cavo lan - Quadro CC 2 stringhe - Quadro CA - Cavo solare 6 mm 50+50 da 6 mm - Struttura fissaggio pannelli costo compreso iva 10% e montaggio Escluso progetto elettrico Enel e pratica GSE costo 300 euro","og_url":"https:\/\/www.roccaenergymondosolare.it\/index.php\/prodotto\/kit-chiavi-in-mano-allacciato-in-rete-6-160-accumulo-litio-9-6-kwh\/","og_site_name":"roccaenergymondosolare","article_modified_time":"2024-03-06T09:41:24+00:00","og_image":[{"width":1131,"height":1600,"url":"https:\/\/www.roccaenergymondosolare.it\/wp-content\/uploads\/2024\/02\/b6803efe-4da3-4205-9ef2-e6cb03a9b53e.jpeg","type":"image\/jpeg"}],"twitter_card":"summary_large_image","twitter_misc":{"Tempo di lettura stimato":"1 minuto"},"schema":{"@context":"https:\/\/schema.org","@graph":[{"@type":"WebPage","@id":"https:\/\/www.roccaenergymondosolare.it\/index.php\/prodotto\/kit-chiavi-in-mano-allacciato-in-rete-6-160-accumulo-litio-9-6-kwh\/","url":"https:\/\/www.roccaenergymondosolare.it\/index.php\/prodotto\/kit-chiavi-in-mano-allacciato-in-rete-6-160-accumulo-litio-9-6-kwh\/","name":"kit chiavi in mano allacciato in rete 6.160 accumulo litio 9.6 kwh - roccaenergymondosolare","isPartOf":{"@id":"https:\/\/www.roccaenergymondosolare.it\/#website"},"primaryImageOfPage":{"@id":"https:\/\/www.roccaenergymondosolare.it\/index.php\/prodotto\/kit-chiavi-in-mano-allacciato-in-rete-6-160-accumulo-litio-9-6-kwh\/#primaryimage"},"image":{"@id":"https:\/\/www.roccaenergymondosolare.it\/index.php\/prodotto\/kit-chiavi-in-mano-allacciato-in-rete-6-160-accumulo-litio-9-6-kwh\/#primaryimage"},"thumbnailUrl":"https:\/\/www.roccaenergymondosolare.it\/wp-content\/uploads\/2024\/02\/b6803efe-4da3-4205-9ef2-e6cb03a9b53e.jpeg","datePublished":"2024-02-21T13:34:44+00:00","dateModified":"2024-03-06T09:41:24+00:00","breadcrumb":{"@id":"https:\/\/www.roccaenergymondosolare.it\/index.php\/prodotto\/kit-chiavi-in-mano-allacciato-in-rete-6-160-accumulo-litio-9-6-kwh\/#breadcrumb"},"inLanguage":"it-IT","potentialAction":[{"@type":"ReadAction","target":["https:\/\/www.roccaenergymondosolare.it\/index.php\/prodotto\/kit-chiavi-in-mano-allacciato-in-rete-6-160-accumulo-litio-9-6-kwh\/"]}]},{"@type":"ImageObject","inLanguage":"it-IT","@id":"https:\/\/www.roccaenergymondosolare.it\/index.php\/prodotto\/kit-chiavi-in-mano-allacciato-in-rete-6-160-accumulo-litio-9-6-kwh\/#primaryimage","url":"https:\/\/www.roccaenergymondosolare.it\/wp-content\/uploads\/2024\/02\/b6803efe-4da3-4205-9ef2-e6cb03a9b53e.jpeg","contentUrl":"https:\/\/www.roccaenergymondosolare.it\/wp-content\/uploads\/2024\/02\/b6803efe-4da3-4205-9ef2-e6cb03a9b53e.jpeg","width":1131,"height":1600},{"@type":"BreadcrumbList","@id":"https:\/\/www.roccaenergymondosolare.it\/index.php\/prodotto\/kit-chiavi-in-mano-allacciato-in-rete-6-160-accumulo-litio-9-6-kwh\/#breadcrumb","itemListElement":[{"@type":"ListItem","position":1,"name":"Home","item":"https:\/\/www.roccaenergymondosolare.it\/"},{"@type":"ListItem","position":2,"name":"Shop","item":"https:\/\/www.roccaenergymondosolare.it\/index.php\/negozio\/"},{"@type":"ListItem","position":3,"name":"kit chiavi in mano allacciato in rete 6.160 accumulo litio 9.6 kwh"}]},{"@type":"WebSite","@id":"https:\/\/www.roccaenergymondosolare.it\/#website","url":"https:\/\/www.roccaenergymondosolare.it\/","name":"roccaenergymondosolare","description":"","potentialAction":[{"@type":"SearchAction","target":{"@type":"EntryPoint","urlTemplate":"https:\/\/www.roccaenergymondosolare.it\/?s={search_term_string}"},"query-input":{"@type":"PropertyValueSpecification","valueRequired":true,"valueName":"search_term_string"}}],"inLanguage":"it-IT"}]}},"_links":{"self":[{"href":"https:\/\/www.roccaenergymondosolare.it\/index.php\/wp-json\/wp\/v2\/product\/383","targetHints":{"allow":["GET"]}}],"collection":[{"href":"https:\/\/www.roccaenergymondosolare.it\/index.php\/wp-json\/wp\/v2\/product"}],"about":[{"href":"https:\/\/www.roccaenergymondosolare.it\/index.php\/wp-json\/wp\/v2\/types\/product"}],"replies":[{"embeddable":true,"href":"https:\/\/www.roccaenergymondosolare.it\/index.php\/wp-json\/wp\/v2\/comments?post=383"}],"wp:featuredmedia":[{"embeddable":true,"href":"https:\/\/www.roccaenergymondosolare.it\/index.php\/wp-json\/wp\/v2\/media\/784"}],"wp:attachment":[{"href":"https:\/\/www.roccaenergymondosolare.it\/index.php\/wp-json\/wp\/v2\/media?parent=383"}],"wp:term":[{"taxonomy":"product_brand","embeddable":true,"href":"https:\/\/www.roccaenergymondosolare.it\/index.php\/wp-json\/wp\/v2\/product_brand?post=383"},{"taxonomy":"product_cat","embeddable":true,"href":"https:\/\/www.roccaenergymondosolare.it\/index.php\/wp-json\/wp\/v2\/product_cat?post=383"},{"taxonomy":"product_tag","embeddable":true,"href":"https:\/\/www.roccaenergymondosolare.it\/index.php\/wp-json\/wp\/v2\/product_tag?post=383"}],"curies":[{"name":"wp","href":"https:\/\/api.w.org\/{rel}","templated":true}]}}